{"id":1202,"date":"2020-11-03T10:35:05","date_gmt":"2020-11-03T09:35:05","guid":{"rendered":"https:\/\/www.woldererhof.com\/?page_id=1202"},"modified":"2025-04-23T11:11:37","modified_gmt":"2025-04-23T09:11:37","slug":"wellness","status":"publish","type":"page","link":"https:\/\/www.woldererhof.com\/it\/wellness\/","title":{"rendered":"Wellness"},"content":{"rendered":"\n<h1 class=\"wp-block-heading\" style=\"text-align:right\">La nostra sauna nel bosco<\/h1>\n\n\n\n<blockquote style=\"text-align:right\" class=\"wp-block-quote\"><p>Fuori dalla selva intricata della quotidianit\u00e0, c\u2019\u00e8 una radura che aspetta. Luce che rischiara. libert\u00e0 che appaga, natura che rigenera. Una pausa per s\u00e9 stessi: nient\u2019altro, nessun altro.<\/p><\/blockquote>\n","protected":false},"excerpt":{"rendered":"<p>La nostra sauna nel bosco Fuori dalla selva intricata della quotidianit\u00e0, c\u2019\u00e8 una radura che aspetta. Luce che rischiara. libert\u00e0 che appaga, natura che rigenera. Una<span class=\"excerpt-hellip\"> [\u2026]<\/span><\/p>\n","protected":false},"author":2,"featured_media":0,"parent":0,"menu_order":0,"comment_status":"closed","ping_status":"open","template":"","meta":{"_custom_body_class":"","_custom_post_class":"","footnotes":""},"yoast_head":"<!-- This site is optimized with the Yoast SEO plugin v22.0 - https:\/\/yoast.com\/wordpress\/plugins\/seo\/ -->\n<title>In mezzo alla natura, il benessere<\/title>\n<meta name=\"description\" content=\"Una radura in mezzo al bosco. Un maso, ma anche un luogo di benessere. Dove rigenerarsi tra gli alberi era la norma gi\u00e0 molto prima di chiamarsi Forest bathing...\" \/>\n<meta name=\"robots\" content=\"index, follow, max-snippet:-1, max-image-preview:large, max-video-preview:-1\" \/>\n<link rel=\"canonical\" href=\"https:\/\/www.woldererhof.com\/wellness\/\" \/>\n<script type=\"application\/ld+json\" class=\"yoast-schema-graph\">{\"@context\":\"https:\/\/schema.org\",\"@graph\":[{\"@type\":\"WebPage\",\"@id\":\"https:\/\/www.woldererhof.com\/wellness\/\",\"url\":\"https:\/\/www.woldererhof.com\/wellness\/\",\"name\":\"In mezzo alla natura, il benessere\",\"isPartOf\":{\"@id\":\"https:\/\/www.woldererhof.com\/#website\"},\"datePublished\":\"2020-11-03T09:35:05+00:00\",\"dateModified\":\"2025-04-23T09:11:37+00:00\",\"description\":\"Una radura in mezzo al bosco. Un maso, ma anche un luogo di benessere. Dove rigenerarsi tra gli alberi era la norma gi\u00e0 molto prima di chiamarsi Forest bathing...\",\"breadcrumb\":{\"@id\":\"https:\/\/www.woldererhof.com\/wellness\/#breadcrumb\"},\"inLanguage\":\"it-IT\",\"potentialAction\":[{\"@type\":\"ReadAction\",\"target\":[\"https:\/\/www.woldererhof.com\/wellness\/\"]}]},{\"@type\":\"BreadcrumbList\",\"@id\":\"https:\/\/www.woldererhof.com\/wellness\/#breadcrumb\",\"itemListElement\":[{\"@type\":\"ListItem\",\"position\":1,\"name\":\"Startseite\",\"item\":\"https:\/\/www.woldererhof.com\/\"},{\"@type\":\"ListItem\",\"position\":2,\"name\":\"Wellness\"}]},{\"@type\":\"WebSite\",\"@id\":\"https:\/\/www.woldererhof.com\/#website\",\"url\":\"https:\/\/www.woldererhof.com\/\",\"name\":\"Lichtung Woldererhof\",\"description\":\"Lichtung Woldererhof\",\"potentialAction\":[{\"@type\":\"SearchAction\",\"target\":{\"@type\":\"EntryPoint\",\"urlTemplate\":\"https:\/\/www.woldererhof.com\/?s={search_term_string}\"},\"query-input\":\"required name=search_term_string\"}],\"inLanguage\":\"it-IT\"}]}<\/script>\n<!-- \/ Yoast SEO plugin. -->","yoast_head_json":{"title":"In mezzo alla natura, il benessere","description":"Una radura in mezzo al bosco. Un maso, ma anche un luogo di benessere. Dove rigenerarsi tra gli alberi era la norma gi\u00e0 molto prima di chiamarsi Forest bathing...","robots":{"index":"index","follow":"follow","max-snippet":"max-snippet:-1","max-image-preview":"max-image-preview:large","max-video-preview":"max-video-preview:-1"},"canonical":"https:\/\/www.woldererhof.com\/wellness\/","schema":{"@context":"https:\/\/schema.org","@graph":[{"@type":"WebPage","@id":"https:\/\/www.woldererhof.com\/wellness\/","url":"https:\/\/www.woldererhof.com\/wellness\/","name":"In mezzo alla natura, il benessere","isPartOf":{"@id":"https:\/\/www.woldererhof.com\/#website"},"datePublished":"2020-11-03T09:35:05+00:00","dateModified":"2025-04-23T09:11:37+00:00","description":"Una radura in mezzo al bosco. Un maso, ma anche un luogo di benessere. Dove rigenerarsi tra gli alberi era la norma gi\u00e0 molto prima di chiamarsi Forest bathing...","breadcrumb":{"@id":"https:\/\/www.woldererhof.com\/wellness\/#breadcrumb"},"inLanguage":"it-IT","potentialAction":[{"@type":"ReadAction","target":["https:\/\/www.woldererhof.com\/wellness\/"]}]},{"@type":"BreadcrumbList","@id":"https:\/\/www.woldererhof.com\/wellness\/#breadcrumb","itemListElement":[{"@type":"ListItem","position":1,"name":"Startseite","item":"https:\/\/www.woldererhof.com\/"},{"@type":"ListItem","position":2,"name":"Wellness"}]},{"@type":"WebSite","@id":"https:\/\/www.woldererhof.com\/#website","url":"https:\/\/www.woldererhof.com\/","name":"Lichtung Woldererhof","description":"Lichtung Woldererhof","potentialAction":[{"@type":"SearchAction","target":{"@type":"EntryPoint","urlTemplate":"https:\/\/www.woldererhof.com\/?s={search_term_string}"},"query-input":"required name=search_term_string"}],"inLanguage":"it-IT"}]}},"_links":{"self":[{"href":"https:\/\/www.woldererhof.com\/it\/wp-json\/wp\/v2\/pages\/1202"}],"collection":[{"href":"https:\/\/www.woldererhof.com\/it\/wp-json\/wp\/v2\/pages"}],"about":[{"href":"https:\/\/www.woldererhof.com\/it\/wp-json\/wp\/v2\/types\/page"}],"author":[{"embeddable":true,"href":"https:\/\/www.woldererhof.com\/it\/wp-json\/wp\/v2\/users\/2"}],"replies":[{"embeddable":true,"href":"https:\/\/www.woldererhof.com\/it\/wp-json\/wp\/v2\/comments?post=1202"}],"version-history":[{"count":1,"href":"https:\/\/www.woldererhof.com\/it\/wp-json\/wp\/v2\/pages\/1202\/revisions"}],"predecessor-version":[{"id":1508,"href":"https:\/\/www.woldererhof.com\/it\/wp-json\/wp\/v2\/pages\/1202\/revisions\/1508"}],"wp:attachment":[{"href":"https:\/\/www.woldererhof.com\/it\/wp-json\/wp\/v2\/media?parent=1202"}],"curies":[{"name":"wp","href":"https:\/\/api.w.org\/{rel}","templated":true}]}}